{"id":796,"date":"2026-02-22T18:56:59","date_gmt":"2026-02-22T16:56:59","guid":{"rendered":"https:\/\/icietpasailleurs.com\/?page_id=796"},"modified":"2026-02-25T16:49:42","modified_gmt":"2026-02-25T14:49:42","slug":"la-banquise-aux-emotions-creation-2026","status":"publish","type":"page","link":"https:\/\/icietpasailleurs.com\/index.php\/la-banquise-aux-emotions-creation-2026\/","title":{"rendered":"La banquise aux \u00e9motions                                              (cr\u00e9ation 2026)"},"content":{"rendered":"\n<div class=\"wp-block-media-text alignwide is-stacked-on-mobile is-vertically-aligned-center\" style=\"grid-template-columns:42% auto\"><figure class=\"wp-block-media-text__media\"><img loading=\"lazy\" decoding=\"async\" width=\"724\" height=\"1024\" src=\"https:\/\/icietpasailleurs.com\/wp-content\/uploads\/2026\/02\/affiche-banquise-1-724x1024.jpeg\" alt=\"\" class=\"wp-image-797 size-full\" srcset=\"https:\/\/icietpasailleurs.com\/wp-content\/uploads\/2026\/02\/affiche-banquise-1-724x1024.jpeg 724w, https:\/\/icietpasailleurs.com\/wp-content\/uploads\/2026\/02\/affiche-banquise-1-212x300.jpeg 212w, https:\/\/icietpasailleurs.com\/wp-content\/uploads\/2026\/02\/affiche-banquise-1-768x1086.jpeg 768w, https:\/\/icietpasailleurs.com\/wp-content\/uploads\/2026\/02\/affiche-banquise-1-1086x1536.jpeg 1086w, https:\/\/icietpasailleurs.com\/wp-content\/uploads\/2026\/02\/affiche-banquise-1-1170x1655.jpeg 1170w, https:\/\/icietpasailleurs.com\/wp-content\/uploads\/2026\/02\/affiche-banquise-1.jpeg 1448w\" sizes=\"(max-width: 724px) 100vw, 724px\" \/><\/figure><div class=\"wp-block-media-text__content\">\n<p><strong>Th\u00e9\u00e2tre musical de marionnettes \u00e0 partir de 3ans.<br>Dur\u00e9e: 40mn<\/strong><br><\/p>\n\n\n\n<p>Tourman l\u2019ours blanc, et Gis\u00e8le la macareux vivent des jours calmes et<br>paisibles sur la banquise du p\u00f4le Nord, au rythme de radio Caribou.<br>Leur activit\u00e9 principale : la p\u00eache !<br><br>Ce matin, une partie de la banquise s\u2019est d\u00e9tach\u00e9e. Horreur, la<br>banquise fond! Gis\u00e8le paniqu\u00e9e alerte son ami Tourman. Choqu\u00e9 par<br>cette catastrophe \u00e9cologique, Tourman voit ses \u00e9motions fondre \u00e0 en<br>perdre le contr\u00f4le : il rit, pleure, r\u00e2le sans raison\u2026<br><br>Gis\u00e8le sait quoi faire : qui d\u2019autre que Psy le manchot th\u00e9rapeute du<br>p\u00f4le Sud, pour l\u2019aider \u00e0 retrouver, trier et ranger ses \u00e9motions?<br><\/p>\n<\/div><\/div>\n\n\n\n<div class=\"wp-block-buttons is-horizontal is-content-justification-center is-layout-flex wp-container-core-buttons-is-layout-1 wp-block-buttons-is-layout-flex\">\n<div class=\"wp-block-button has-custom-width wp-block-button__width-50 is-style-ona-button-arrow-icon\"><a class=\"wp-block-button__link has-background-color has-text-color has-background has-link-color has-text-align-right wp-element-button\" href=\"https:\/\/icietpasailleurs.com\/wp-content\/uploads\/2026\/02\/La-banquise-aux-emotions-DP-site.pdf\" style=\"border-radius:41px;background-color:#ac3ac3\">Dossier de pr\u00e9sentation<\/a><\/div>\n\n\n\n<div class=\"wp-block-button has-custom-width wp-block-button__width-50 is-style-ona-button-arrow-icon\"><a class=\"wp-block-button__link has-background-color has-text-color has-background has-link-color has-text-align-right wp-element-button\" href=\"https:\/\/vimeo.com\/1168133129?share=copy&amp;fl=sv&amp;fe=ci\" style=\"border-radius:41px;background-color:#ac3ac3\">Vid\u00e9o<\/a><\/div>\n<\/div>\n\n\n\n<figure class=\"wp-block-gallery alignwide has-nested-images columns-default is-cropped wp-block-gallery-1 is-layout-flex wp-block-gallery-is-layout-flex\">\n<figure class=\"wp-block-image size-full has-custom-border\"><img loading=\"lazy\" decoding=\"async\" width=\"451\" height=\"444\" data-id=\"799\" src=\"https:\/\/icietpasailleurs.com\/wp-content\/uploads\/2026\/02\/selfie-Tourman-et-Gisele.png\" alt=\"\" class=\"has-border-color has-foreground-border-color wp-image-799\" style=\"border-width:7px;border-radius:6px\" srcset=\"https:\/\/icietpasailleurs.com\/wp-content\/uploads\/2026\/02\/selfie-Tourman-et-Gisele.png 451w, https:\/\/icietpasailleurs.com\/wp-content\/uploads\/2026\/02\/selfie-Tourman-et-Gisele-300x295.png 300w\" sizes=\"(max-width: 451px) 100vw, 451px\" \/><\/figure>\n\n\n\n<figure class=\"wp-block-image size-full has-custom-border\"><img loading=\"lazy\" decoding=\"async\" width=\"445\" height=\"437\" data-id=\"800\" src=\"https:\/\/icietpasailleurs.com\/wp-content\/uploads\/2026\/02\/selfie-Psy.png\" alt=\"\" class=\"wp-image-800\" style=\"border-width:7px;border-radius:6px\" srcset=\"https:\/\/icietpasailleurs.com\/wp-content\/uploads\/2026\/02\/selfie-Psy.png 445w, https:\/\/icietpasailleurs.com\/wp-content\/uploads\/2026\/02\/selfie-Psy-300x295.png 300w\" sizes=\"(max-width: 445px) 100vw, 445px\" \/><\/figure>\n\n\n\n<figure class=\"wp-block-image size-full has-custom-border\"><img loading=\"lazy\" decoding=\"async\" width=\"447\" height=\"443\" data-id=\"801\" src=\"https:\/\/icietpasailleurs.com\/wp-content\/uploads\/2026\/02\/Capture-decran-2026-02-22-172946.png\" alt=\"\" class=\"wp-image-801\" style=\"border-width:7px;border-radius:6px\" srcset=\"https:\/\/icietpasailleurs.com\/wp-content\/uploads\/2026\/02\/Capture-decran-2026-02-22-172946.png 447w, https:\/\/icietpasailleurs.com\/wp-content\/uploads\/2026\/02\/Capture-decran-2026-02-22-172946-300x297.png 300w, https:\/\/icietpasailleurs.com\/wp-content\/uploads\/2026\/02\/Capture-decran-2026-02-22-172946-150x150.png 150w\" sizes=\"(max-width: 447px) 100vw, 447px\" \/><\/figure>\n\n\n\n<figure class=\"wp-block-image size-full has-custom-border\"><img loading=\"lazy\" decoding=\"async\" width=\"444\" height=\"440\" data-id=\"802\" src=\"https:\/\/icietpasailleurs.com\/wp-content\/uploads\/2026\/02\/Capture-decran-2026-02-22-173219.png\" alt=\"\" class=\"wp-image-802\" style=\"border-width:7px;border-radius:6px\" srcset=\"https:\/\/icietpasailleurs.com\/wp-content\/uploads\/2026\/02\/Capture-decran-2026-02-22-173219.png 444w, https:\/\/icietpasailleurs.com\/wp-content\/uploads\/2026\/02\/Capture-decran-2026-02-22-173219-300x297.png 300w, https:\/\/icietpasailleurs.com\/wp-content\/uploads\/2026\/02\/Capture-decran-2026-02-22-173219-150x150.png 150w\" sizes=\"(max-width: 444px) 100vw, 444px\" \/><\/figure>\n\n\n\n<figure class=\"wp-block-image size-full has-custom-border\"><img loading=\"lazy\" decoding=\"async\" width=\"448\" height=\"443\" data-id=\"804\" src=\"https:\/\/icietpasailleurs.com\/wp-content\/uploads\/2026\/02\/Capture-decran-2026-02-22-173043.png\" alt=\"\" class=\"wp-image-804\" style=\"border-width:7px;border-radius:6px\" srcset=\"https:\/\/icietpasailleurs.com\/wp-content\/uploads\/2026\/02\/Capture-decran-2026-02-22-173043.png 448w, https:\/\/icietpasailleurs.com\/wp-content\/uploads\/2026\/02\/Capture-decran-2026-02-22-173043-300x297.png 300w\" sizes=\"(max-width: 448px) 100vw, 448px\" \/><\/figure>\n\n\n\n<figure class=\"wp-block-image size-full has-custom-border is-style-default\"><img loading=\"lazy\" decoding=\"async\" width=\"445\" height=\"442\" data-id=\"805\" src=\"https:\/\/icietpasailleurs.com\/wp-content\/uploads\/2026\/02\/Capture-decran-2026-02-22-173230.png\" alt=\"\" class=\"wp-image-805\" style=\"border-width:7px;border-radius:6px\" srcset=\"https:\/\/icietpasailleurs.com\/wp-content\/uploads\/2026\/02\/Capture-decran-2026-02-22-173230.png 445w, https:\/\/icietpasailleurs.com\/wp-content\/uploads\/2026\/02\/Capture-decran-2026-02-22-173230-300x298.png 300w, https:\/\/icietpasailleurs.com\/wp-content\/uploads\/2026\/02\/Capture-decran-2026-02-22-173230-150x150.png 150w\" sizes=\"(max-width: 445px) 100vw, 445px\" \/><\/figure>\n<\/figure>\n","protected":false},"excerpt":{"rendered":"<p>Th\u00e9\u00e2tre musical de marionnettes \u00e0 partir de 3ans.Dur\u00e9e: 40mn Tourman l\u2019ours blanc, et Gis\u00e8le la macareux vivent des jours calmes etpaisibles sur la banquise du p\u00f4le Nord, au rythme de radio Caribou.Leur activit\u00e9 principale : la p\u00eache ! Ce matin, une partie de la banquise s\u2019est d\u00e9tach\u00e9e. Horreur, labanquise fond! Gis\u00e8le paniqu\u00e9e alerte son ami [&hellip;]<\/p>\n","protected":false},"author":1,"featured_media":0,"parent":0,"menu_order":0,"comment_status":"closed","ping_status":"closed","template":"","meta":{"om_disable_all_campaigns":false,"_monsterinsights_skip_tracking":false,"_monsterinsights_sitenote_active":false,"_monsterinsights_sitenote_note":"","_monsterinsights_sitenote_category":0,"footnotes":""},"aioseo_notices":[],"_links":{"self":[{"href":"https:\/\/icietpasailleurs.com\/index.php\/wp-json\/wp\/v2\/pages\/796"}],"collection":[{"href":"https:\/\/icietpasailleurs.com\/index.php\/wp-json\/wp\/v2\/pages"}],"about":[{"href":"https:\/\/icietpasailleurs.com\/index.php\/wp-json\/wp\/v2\/types\/page"}],"author":[{"embeddable":true,"href":"https:\/\/icietpasailleurs.com\/index.php\/wp-json\/wp\/v2\/users\/1"}],"replies":[{"embeddable":true,"href":"https:\/\/icietpasailleurs.com\/index.php\/wp-json\/wp\/v2\/comments?post=796"}],"version-history":[{"count":12,"href":"https:\/\/icietpasailleurs.com\/index.php\/wp-json\/wp\/v2\/pages\/796\/revisions"}],"predecessor-version":[{"id":837,"href":"https:\/\/icietpasailleurs.com\/index.php\/wp-json\/wp\/v2\/pages\/796\/revisions\/837"}],"wp:attachment":[{"href":"https:\/\/icietpasailleurs.com\/index.php\/wp-json\/wp\/v2\/media?parent=796"}],"curies":[{"name":"wp","href":"https:\/\/api.w.org\/{rel}","templated":true}]}}