{"id":736,"date":"2025-02-15T16:15:27","date_gmt":"2025-02-15T14:15:27","guid":{"rendered":"https:\/\/icietpasailleurs.com\/?page_id=736"},"modified":"2026-04-01T17:45:23","modified_gmt":"2026-04-01T15:45:23","slug":"agenda","status":"publish","type":"page","link":"https:\/\/icietpasailleurs.com\/index.php\/agenda\/","title":{"rendered":"Agenda"},"content":{"rendered":"\n<h4 class=\"wp-block-heading has-text-align-center\">Saison 2026\/2027 <br>L&rsquo;agenda est mis \u00e0 jour tout au long de la saison<\/h4>\n\n\n\n<div class=\"wp-block-media-text alignwide is-stacked-on-mobile has-background-light-background-color has-background\" style=\"grid-template-columns:25% auto\"><figure class=\"wp-block-media-text__media\"><img loading=\"lazy\" decoding=\"async\" width=\"724\" height=\"1024\" src=\"https:\/\/icietpasailleurs.com\/wp-content\/uploads\/2024\/09\/Affiche-f1-1-724x1024.jpg\" alt=\"\" class=\"wp-image-617 size-medium\" srcset=\"https:\/\/icietpasailleurs.com\/wp-content\/uploads\/2024\/09\/Affiche-f1-1-724x1024.jpg 724w, https:\/\/icietpasailleurs.com\/wp-content\/uploads\/2024\/09\/Affiche-f1-1-212x300.jpg 212w, https:\/\/icietpasailleurs.com\/wp-content\/uploads\/2024\/09\/Affiche-f1-1-768x1086.jpg 768w, https:\/\/icietpasailleurs.com\/wp-content\/uploads\/2024\/09\/Affiche-f1-1-1087x1536.jpg 1087w, https:\/\/icietpasailleurs.com\/wp-content\/uploads\/2024\/09\/Affiche-f1-1.jpg 1132w\" sizes=\"(max-width: 724px) 100vw, 724px\" \/><\/figure><div class=\"wp-block-media-text__content\">\n<h2 class=\"wp-block-heading has-text-align-center\">Le tribunal des m\u00e9chants <br>(Le proc\u00e8s de Grimhilde)<\/h2>\n\n\n\n<p class=\"has-text-align-center\"><br><em> <\/em>Vendredi 10 avril 2026 \u00e0 20h \u00e0 la Halle de Nailloux (31) <br><br><strong><em>Dates pass\u00e9es:<\/em><\/strong><br><br>Samedi 21 F\u00e9vrier 2026 \u00e0 15h30 au th\u00e9\u00e2tre municipal de Condom (32)<br>Dimanche 08 F\u00e9vrier 2026 \u00e0 15h \u00e0 la Halle au Grain de Castelnaudary (11)<br>Jeudi 29 Janvier 2026 au th\u00e9\u00e2tre municipal de Muret (31) en s\u00e9ance scolaire<br> Dimanche 26 Janvier 2025 \u00e0 l&rsquo;Espace Associatif et Culturel de Labastide d&rsquo;Anjou<br>Vendredi 07mars 2025 au Th\u00e9\u00e2tre des pr\u00e9ambules de Muret (31)<br>Samedi 08 et Dimanche 09 Mars au Th\u00e9\u00e2tre des Pr\u00e9ambules de Muret (31)<br>Du Mardi 22 au Dimanche 26 Avril au Th\u00e9\u00e2tre des Pr\u00e9ambules de Muret (31)<br>Mardi 20 Mai (repr\u00e9sentations scolaires) au festival 1,2,3 Pestacles d&rsquo;Uzos (64)<\/p>\n\n\n\n<div class=\"wp-block-buttons is-horizontal is-content-justification-center is-layout-flex wp-container-core-buttons-is-layout-1 wp-block-buttons-is-layout-flex\" style=\"margin-top:0;margin-bottom:0\"><\/div>\n<\/div><\/div>\n\n\n\n<div class=\"wp-block-media-text alignwide is-stacked-on-mobile has-background-light-background-color has-background\" style=\"grid-template-columns:25% auto\"><figure class=\"wp-block-media-text__media\"><img loading=\"lazy\" decoding=\"async\" width=\"724\" height=\"1024\" src=\"https:\/\/icietpasailleurs.com\/wp-content\/uploads\/2026\/02\/affiche-banquise-724x1024.jpeg\" alt=\"\" class=\"wp-image-792 size-medium\" srcset=\"https:\/\/icietpasailleurs.com\/wp-content\/uploads\/2026\/02\/affiche-banquise-724x1024.jpeg 724w, https:\/\/icietpasailleurs.com\/wp-content\/uploads\/2026\/02\/affiche-banquise-212x300.jpeg 212w, https:\/\/icietpasailleurs.com\/wp-content\/uploads\/2026\/02\/affiche-banquise-768x1086.jpeg 768w, https:\/\/icietpasailleurs.com\/wp-content\/uploads\/2026\/02\/affiche-banquise-1086x1536.jpeg 1086w, https:\/\/icietpasailleurs.com\/wp-content\/uploads\/2026\/02\/affiche-banquise-1170x1655.jpeg 1170w, https:\/\/icietpasailleurs.com\/wp-content\/uploads\/2026\/02\/affiche-banquise.jpeg 1448w\" sizes=\"(max-width: 724px) 100vw, 724px\" \/><\/figure><div class=\"wp-block-media-text__content\">\n<h2 class=\"wp-block-heading has-text-align-center\">La banquise aux \u00e9motions <br><\/h2>\n\n\n\n<p class=\"has-text-align-center\">Dimanche 07 Juin \u00e0 16h30 \u00e0 l&rsquo;Espace En Gauzy de Salles-sur-l&rsquo;Hers<br>Mardi 06 Octobre 2026 (repr\u00e9sentations scolaires) \u00e0 Aurignac (31) <br>F\u00eate du conte et de l&rsquo;imaginaire \u00e0 Narbonne (11). Date \u00e0 d\u00e9finir prochainement. <br><br><strong><em>Dates pass\u00e9es<\/em><\/strong>:<br>Premi\u00e8res le vendredi 06 F\u00e9vrier \u00e0 9h30 et 10h30 et le samedi 07 F\u00e9vrier 2026 \u00e0 16h au Th\u00e9\u00e2tre des Pr\u00e9ambules de Muret (31)<br><\/p>\n\n\n\n<div class=\"wp-block-buttons is-horizontal is-content-justification-center is-layout-flex wp-container-core-buttons-is-layout-2 wp-block-buttons-is-layout-flex\" style=\"margin-top:0;margin-bottom:0\"><\/div>\n<\/div><\/div>\n\n\n\n<div class=\"wp-block-media-text alignwide is-stacked-on-mobile has-background-light-background-color has-background\" style=\"grid-template-columns:25% auto\"><figure class=\"wp-block-media-text__media\"><img loading=\"lazy\" decoding=\"async\" width=\"724\" height=\"1024\" src=\"https:\/\/icietpasailleurs.com\/wp-content\/uploads\/2024\/02\/La-Cie-Ici-et-pas-ailleurs-pre\u0301sente4-724x1024.png\" alt=\"\" class=\"wp-image-547 size-medium\" srcset=\"https:\/\/icietpasailleurs.com\/wp-content\/uploads\/2024\/02\/La-Cie-Ici-et-pas-ailleurs-pre\u0301sente4-724x1024.png 724w, https:\/\/icietpasailleurs.com\/wp-content\/uploads\/2024\/02\/La-Cie-Ici-et-pas-ailleurs-pre\u0301sente4-212x300.png 212w, https:\/\/icietpasailleurs.com\/wp-content\/uploads\/2024\/02\/La-Cie-Ici-et-pas-ailleurs-pre\u0301sente4-768x1086.png 768w, https:\/\/icietpasailleurs.com\/wp-content\/uploads\/2024\/02\/La-Cie-Ici-et-pas-ailleurs-pre\u0301sente4-1086x1536.png 1086w, https:\/\/icietpasailleurs.com\/wp-content\/uploads\/2024\/02\/La-Cie-Ici-et-pas-ailleurs-pre\u0301sente4-1170x1655.png 1170w, https:\/\/icietpasailleurs.com\/wp-content\/uploads\/2024\/02\/La-Cie-Ici-et-pas-ailleurs-pre\u0301sente4.png 1414w\" sizes=\"(max-width: 724px) 100vw, 724px\" \/><\/figure><div class=\"wp-block-media-text__content\">\n<h2 class=\"wp-block-heading has-text-align-center\">Histoires \u00e0 deux voix<\/h2>\n\n\n\n<p class=\"has-text-align-center\"><strong><em>Dates pass\u00e9es: <\/em><\/strong><br><br>Samedi 29 Mars 2025 \u00e0 la m\u00e9diath\u00e8que de Labastide d&rsquo;Anjou (11) pour le festival Sc\u00e8nes d&rsquo;Enfance<br>Dimanche 06 Avril 2025 \u00e0 l&rsquo;espace En Gauzy de Salles-sur-l&rsquo;Hers (11)<\/p>\n\n\n\n<div class=\"wp-block-buttons is-content-justification-center is-layout-flex wp-container-core-buttons-is-layout-3 wp-block-buttons-is-layout-flex\"><\/div>\n<\/div><\/div>\n\n\n\n<div class=\"wp-block-media-text alignwide is-stacked-on-mobile has-background-light-background-color has-background\" style=\"grid-template-columns:25% auto\"><figure class=\"wp-block-media-text__media\"><img loading=\"lazy\" decoding=\"async\" width=\"760\" height=\"1024\" src=\"https:\/\/icietpasailleurs.com\/wp-content\/uploads\/2023\/12\/Affiche-La-hotte-3-760x1024.png\" alt=\"\" class=\"wp-image-524 size-large\" srcset=\"https:\/\/icietpasailleurs.com\/wp-content\/uploads\/2023\/12\/Affiche-La-hotte-3-760x1024.png 760w, https:\/\/icietpasailleurs.com\/wp-content\/uploads\/2023\/12\/Affiche-La-hotte-3-223x300.png 223w, https:\/\/icietpasailleurs.com\/wp-content\/uploads\/2023\/12\/Affiche-La-hotte-3-768x1035.png 768w, https:\/\/icietpasailleurs.com\/wp-content\/uploads\/2023\/12\/Affiche-La-hotte-3-1140x1536.png 1140w, https:\/\/icietpasailleurs.com\/wp-content\/uploads\/2023\/12\/Affiche-La-hotte-3-1170x1577.png 1170w, https:\/\/icietpasailleurs.com\/wp-content\/uploads\/2023\/12\/Affiche-La-hotte-3.png 1187w\" sizes=\"(max-width: 760px) 100vw, 760px\" \/><\/figure><div class=\"wp-block-media-text__content\">\n<h2 class=\"wp-block-heading has-text-align-center 1,125\">O\u00f9 est pass\u00e9e la hotte du P\u00e8re No\u00ebl ? <\/h2>\n\n\n\n<p class=\"has-text-align-center\">Si vous souhaitez le programmer pour No\u00ebl 2026, contactez-nous!<br>Plus de 65 repr\u00e9sentations d\u00e9j\u00e0 jou\u00e9es pour les communes, les CE, les \u00e9coles&#8230;<\/p>\n\n\n\n<div class=\"wp-block-buttons is-content-justification-center is-layout-flex wp-container-core-buttons-is-layout-4 wp-block-buttons-is-layout-flex\"><\/div>\n<\/div><\/div>\n\n\n\n<h4 class=\"wp-block-heading has-text-align-center\">Ils nous font confiance:<\/h4>\n\n\n\n<p class=\"has-text-align-center has-dark-color has-text-color has-link-color wp-elements-97a5edfbe2bedf1d4718bcff0b9c9f99\"><strong>Le d\u00e9partement de l&rsquo;Aude, Les commune de Salles-sur-l&rsquo;Hers (11), de Labastide d&rsquo;Anjou (11), de Gaillac (81), d&rsquo;Auterive (31), de Pennautier (11), de Villefranche de Lauragais, l&rsquo;association la Petite Pierre (32), le th\u00e9\u00e2tre des Pr\u00e9ambules (31), le festival 1,2,3 Pestacle \u00e0 Uzos (64)&#8230; <\/strong><\/p>\n","protected":false},"excerpt":{"rendered":"<p>Saison 2026\/2027 L&rsquo;agenda est mis \u00e0 jour tout au long de la saison Ils nous font confiance: Le d\u00e9partement de l&rsquo;Aude, Les commune de Salles-sur-l&rsquo;Hers (11), de Labastide d&rsquo;Anjou (11), de Gaillac (81), d&rsquo;Auterive (31), de Pennautier (11), de Villefranche de Lauragais, l&rsquo;association la Petite Pierre (32), le th\u00e9\u00e2tre des Pr\u00e9ambules (31), le festival 1,2,3 [&hellip;]<\/p>\n","protected":false},"author":1,"featured_media":0,"parent":0,"menu_order":0,"comment_status":"closed","ping_status":"closed","template":"","meta":{"om_disable_all_campaigns":false,"_monsterinsights_skip_tracking":false,"_monsterinsights_sitenote_active":false,"_monsterinsights_sitenote_note":"","_monsterinsights_sitenote_category":0,"footnotes":""},"aioseo_notices":[],"_links":{"self":[{"href":"https:\/\/icietpasailleurs.com\/index.php\/wp-json\/wp\/v2\/pages\/736"}],"collection":[{"href":"https:\/\/icietpasailleurs.com\/index.php\/wp-json\/wp\/v2\/pages"}],"about":[{"href":"https:\/\/icietpasailleurs.com\/index.php\/wp-json\/wp\/v2\/types\/page"}],"author":[{"embeddable":true,"href":"https:\/\/icietpasailleurs.com\/index.php\/wp-json\/wp\/v2\/users\/1"}],"replies":[{"embeddable":true,"href":"https:\/\/icietpasailleurs.com\/index.php\/wp-json\/wp\/v2\/comments?post=736"}],"version-history":[{"count":11,"href":"https:\/\/icietpasailleurs.com\/index.php\/wp-json\/wp\/v2\/pages\/736\/revisions"}],"predecessor-version":[{"id":844,"href":"https:\/\/icietpasailleurs.com\/index.php\/wp-json\/wp\/v2\/pages\/736\/revisions\/844"}],"wp:attachment":[{"href":"https:\/\/icietpasailleurs.com\/index.php\/wp-json\/wp\/v2\/media?parent=736"}],"curies":[{"name":"wp","href":"https:\/\/api.w.org\/{rel}","templated":true}]}}