{"id":650,"date":"2024-09-08T22:55:32","date_gmt":"2024-09-08T20:55:32","guid":{"rendered":"https:\/\/icietpasailleurs.com\/?page_id=650"},"modified":"2024-09-09T16:15:08","modified_gmt":"2024-09-09T14:15:08","slug":"histoires-a-deux-voix","status":"publish","type":"page","link":"https:\/\/icietpasailleurs.com\/index.php\/histoires-a-deux-voix\/","title":{"rendered":"Histoires \u00e0 deux voix"},"content":{"rendered":"\n<div class=\"wp-block-media-text alignwide is-stacked-on-mobile\" style=\"grid-template-columns:30% auto\"><figure class=\"wp-block-media-text__media\"><img loading=\"lazy\" decoding=\"async\" width=\"724\" height=\"1024\" src=\"https:\/\/icietpasailleurs.com\/wp-content\/uploads\/2024\/02\/La-Cie-Ici-et-pas-ailleurs-pre\u0301sente4-724x1024.png\" alt=\"\" class=\"wp-image-547 size-large\" srcset=\"https:\/\/icietpasailleurs.com\/wp-content\/uploads\/2024\/02\/La-Cie-Ici-et-pas-ailleurs-pre\u0301sente4-724x1024.png 724w, https:\/\/icietpasailleurs.com\/wp-content\/uploads\/2024\/02\/La-Cie-Ici-et-pas-ailleurs-pre\u0301sente4-212x300.png 212w, https:\/\/icietpasailleurs.com\/wp-content\/uploads\/2024\/02\/La-Cie-Ici-et-pas-ailleurs-pre\u0301sente4-768x1086.png 768w, https:\/\/icietpasailleurs.com\/wp-content\/uploads\/2024\/02\/La-Cie-Ici-et-pas-ailleurs-pre\u0301sente4-1086x1536.png 1086w, https:\/\/icietpasailleurs.com\/wp-content\/uploads\/2024\/02\/La-Cie-Ici-et-pas-ailleurs-pre\u0301sente4-1170x1655.png 1170w, https:\/\/icietpasailleurs.com\/wp-content\/uploads\/2024\/02\/La-Cie-Ici-et-pas-ailleurs-pre\u0301sente4.png 1414w\" sizes=\"(max-width: 724px) 100vw, 724px\" \/><\/figure><div class=\"wp-block-media-text__content\">\n<p><strong>Une parenth\u00e8se d&rsquo;\u00e9vasion onirique o\u00f9 chacun gardera en souvenir, l&rsquo;histoire qui r\u00e9sonnera le plus en lui!<\/strong><br><br>C&rsquo;est l&rsquo;histoire d&rsquo;une voix, enfin non&#8230;C&rsquo;est l&rsquo;histoire d&rsquo;une voix masculine et d&rsquo;une voix f\u00e9minine&#8230;En v\u00e9rit\u00e9, c&rsquo;est plut\u00f4t l&rsquo;histoire de deux com\u00e9diens qui aiment raconter des histoires.<br><br>Dans un univers sonore et visuel immergeant, les spectateurs partent \u00e0 la rencontre d&rsquo;animaux attachants et dr\u00f4les qui prennent vie dans l&rsquo;imaginaire du public, gr\u00e2ce aux voix singuli\u00e8res des deux artistes. <br><br>Ce spectacle laisse une part belle aux images mentales des petits et grands humains qui pourront, en se laissant porter par l&rsquo;univers vocal des interpr\u00e8tes, voguer vers des horizons insoup\u00e7onn\u00e9s o\u00f9 les limites restent uniquement celles de leur imagination. <\/p>\n<\/div><\/div>\n\n\n\n<div class=\"wp-block-file aligncenter has-background\" style=\"background:linear-gradient(135deg,rgb(255,245,203) 1%,rgb(195,244,222) 52%,rgb(167,238,244) 100%);padding-top:var(--wp--preset--spacing--20);padding-right:var(--wp--preset--spacing--80);padding-bottom:var(--wp--preset--spacing--20);padding-left:var(--wp--preset--spacing--80)\"><a id=\"wp-block-file--media-e0968271-881f-40d1-a00c-307866934a8d\" href=\"https:\/\/icietpasailleurs.com\/wp-content\/uploads\/2024\/09\/Dossier-presentation-Histoires-a-deux-voix-1-1.pdf\" target=\"_blank\" rel=\"noreferrer noopener\">Dossier Artistique <\/a><a href=\"https:\/\/icietpasailleurs.com\/wp-content\/uploads\/2024\/09\/Dossier-presentation-Histoires-a-deux-voix-1-1.pdf\" class=\"wp-block-file__button wp-element-button\" download aria-describedby=\"wp-block-file--media-e0968271-881f-40d1-a00c-307866934a8d\">Cliquez ici!<\/a><\/div>\n\n\n\n<figure class=\"wp-block-gallery alignwide has-nested-images columns-default is-cropped wp-block-gallery-1 is-layout-flex wp-block-gallery-is-layout-flex\">\n<figure class=\"wp-block-image size-full has-custom-border\"><img loading=\"lazy\" decoding=\"async\" width=\"1280\" height=\"853\" data-id=\"653\" src=\"https:\/\/icietpasailleurs.com\/wp-content\/uploads\/2024\/09\/IMG_81651.jpg\" alt=\"\" class=\"wp-image-653\" style=\"border-width:7px;border-radius:6px\" srcset=\"https:\/\/icietpasailleurs.com\/wp-content\/uploads\/2024\/09\/IMG_81651.jpg 1280w, https:\/\/icietpasailleurs.com\/wp-content\/uploads\/2024\/09\/IMG_81651-300x200.jpg 300w, https:\/\/icietpasailleurs.com\/wp-content\/uploads\/2024\/09\/IMG_81651-1024x682.jpg 1024w, https:\/\/icietpasailleurs.com\/wp-content\/uploads\/2024\/09\/IMG_81651-768x512.jpg 768w, https:\/\/icietpasailleurs.com\/wp-content\/uploads\/2024\/09\/IMG_81651-1170x780.jpg 1170w\" sizes=\"(max-width: 1280px) 100vw, 1280px\" \/><\/figure>\n\n\n\n<figure class=\"wp-block-image size-full has-custom-border\"><img loading=\"lazy\" decoding=\"async\" width=\"1280\" height=\"853\" data-id=\"652\" src=\"https:\/\/icietpasailleurs.com\/wp-content\/uploads\/2024\/09\/IMG_81241.jpg\" alt=\"\" class=\"wp-image-652\" style=\"border-width:7px;border-radius:6px\" srcset=\"https:\/\/icietpasailleurs.com\/wp-content\/uploads\/2024\/09\/IMG_81241.jpg 1280w, https:\/\/icietpasailleurs.com\/wp-content\/uploads\/2024\/09\/IMG_81241-300x200.jpg 300w, https:\/\/icietpasailleurs.com\/wp-content\/uploads\/2024\/09\/IMG_81241-1024x682.jpg 1024w, https:\/\/icietpasailleurs.com\/wp-content\/uploads\/2024\/09\/IMG_81241-768x512.jpg 768w, https:\/\/icietpasailleurs.com\/wp-content\/uploads\/2024\/09\/IMG_81241-1170x780.jpg 1170w\" sizes=\"(max-width: 1280px) 100vw, 1280px\" \/><\/figure>\n\n\n\n<figure class=\"wp-block-image size-full has-custom-border is-style-default\"><img loading=\"lazy\" decoding=\"async\" width=\"2560\" height=\"1707\" data-id=\"665\" src=\"https:\/\/icietpasailleurs.com\/wp-content\/uploads\/2024\/09\/IMG_8167-scaled.jpg\" alt=\"\" class=\"wp-image-665\" style=\"border-width:7px;border-radius:6px\" srcset=\"https:\/\/icietpasailleurs.com\/wp-content\/uploads\/2024\/09\/IMG_8167-scaled.jpg 2560w, https:\/\/icietpasailleurs.com\/wp-content\/uploads\/2024\/09\/IMG_8167-300x200.jpg 300w, https:\/\/icietpasailleurs.com\/wp-content\/uploads\/2024\/09\/IMG_8167-1024x683.jpg 1024w, https:\/\/icietpasailleurs.com\/wp-content\/uploads\/2024\/09\/IMG_8167-768x512.jpg 768w, https:\/\/icietpasailleurs.com\/wp-content\/uploads\/2024\/09\/IMG_8167-1536x1024.jpg 1536w, https:\/\/icietpasailleurs.com\/wp-content\/uploads\/2024\/09\/IMG_8167-2048x1365.jpg 2048w, https:\/\/icietpasailleurs.com\/wp-content\/uploads\/2024\/09\/IMG_8167-1170x780.jpg 1170w\" sizes=\"(max-width: 2560px) 100vw, 2560px\" \/><\/figure>\n\n\n\n<figure class=\"wp-block-image size-full has-custom-border\"><img loading=\"lazy\" decoding=\"async\" width=\"2560\" height=\"1707\" data-id=\"662\" src=\"https:\/\/icietpasailleurs.com\/wp-content\/uploads\/2024\/09\/IMG_8173-scaled.jpg\" alt=\"\" class=\"wp-image-662\" style=\"border-width:7px;border-radius:6px\" srcset=\"https:\/\/icietpasailleurs.com\/wp-content\/uploads\/2024\/09\/IMG_8173-scaled.jpg 2560w, https:\/\/icietpasailleurs.com\/wp-content\/uploads\/2024\/09\/IMG_8173-300x200.jpg 300w, https:\/\/icietpasailleurs.com\/wp-content\/uploads\/2024\/09\/IMG_8173-1024x683.jpg 1024w, https:\/\/icietpasailleurs.com\/wp-content\/uploads\/2024\/09\/IMG_8173-768x512.jpg 768w, https:\/\/icietpasailleurs.com\/wp-content\/uploads\/2024\/09\/IMG_8173-1536x1024.jpg 1536w, https:\/\/icietpasailleurs.com\/wp-content\/uploads\/2024\/09\/IMG_8173-2048x1365.jpg 2048w, https:\/\/icietpasailleurs.com\/wp-content\/uploads\/2024\/09\/IMG_8173-1170x780.jpg 1170w\" sizes=\"(max-width: 2560px) 100vw, 2560px\" \/><\/figure>\n\n\n\n<figure class=\"wp-block-image size-full has-custom-border\"><img loading=\"lazy\" decoding=\"async\" width=\"1707\" height=\"2560\" data-id=\"656\" src=\"https:\/\/icietpasailleurs.com\/wp-content\/uploads\/2024\/09\/Photo-Carlos-1-scaled.jpg\" alt=\"\" class=\"wp-image-656\" style=\"border-width:7px;border-radius:6px\" srcset=\"https:\/\/icietpasailleurs.com\/wp-content\/uploads\/2024\/09\/Photo-Carlos-1-scaled.jpg 1707w, https:\/\/icietpasailleurs.com\/wp-content\/uploads\/2024\/09\/Photo-Carlos-1-200x300.jpg 200w, https:\/\/icietpasailleurs.com\/wp-content\/uploads\/2024\/09\/Photo-Carlos-1-683x1024.jpg 683w, https:\/\/icietpasailleurs.com\/wp-content\/uploads\/2024\/09\/Photo-Carlos-1-768x1152.jpg 768w, https:\/\/icietpasailleurs.com\/wp-content\/uploads\/2024\/09\/Photo-Carlos-1-1024x1536.jpg 1024w, https:\/\/icietpasailleurs.com\/wp-content\/uploads\/2024\/09\/Photo-Carlos-1-1365x2048.jpg 1365w, https:\/\/icietpasailleurs.com\/wp-content\/uploads\/2024\/09\/Photo-Carlos-1-1170x1755.jpg 1170w\" sizes=\"(max-width: 1707px) 100vw, 1707px\" \/><\/figure>\n\n\n\n<figure class=\"wp-block-image size-large has-custom-border\"><img loading=\"lazy\" decoding=\"async\" width=\"683\" height=\"1024\" data-id=\"660\" src=\"https:\/\/icietpasailleurs.com\/wp-content\/uploads\/2024\/09\/IMG_8184-1-683x1024.jpg\" alt=\"\" class=\"wp-image-660\" style=\"border-width:7px;border-radius:6px\" srcset=\"https:\/\/icietpasailleurs.com\/wp-content\/uploads\/2024\/09\/IMG_8184-1-683x1024.jpg 683w, https:\/\/icietpasailleurs.com\/wp-content\/uploads\/2024\/09\/IMG_8184-1-200x300.jpg 200w, https:\/\/icietpasailleurs.com\/wp-content\/uploads\/2024\/09\/IMG_8184-1-768x1152.jpg 768w, https:\/\/icietpasailleurs.com\/wp-content\/uploads\/2024\/09\/IMG_8184-1-1024x1536.jpg 1024w, https:\/\/icietpasailleurs.com\/wp-content\/uploads\/2024\/09\/IMG_8184-1-1365x2048.jpg 1365w, https:\/\/icietpasailleurs.com\/wp-content\/uploads\/2024\/09\/IMG_8184-1-1170x1755.jpg 1170w, https:\/\/icietpasailleurs.com\/wp-content\/uploads\/2024\/09\/IMG_8184-1-scaled.jpg 1707w\" sizes=\"(max-width: 683px) 100vw, 683px\" \/><\/figure>\n<\/figure>\n","protected":false},"excerpt":{"rendered":"<p>Une parenth\u00e8se d&rsquo;\u00e9vasion onirique o\u00f9 chacun gardera en souvenir, l&rsquo;histoire qui r\u00e9sonnera le plus en lui! C&rsquo;est l&rsquo;histoire d&rsquo;une voix, enfin non&#8230;C&rsquo;est l&rsquo;histoire d&rsquo;une voix masculine et d&rsquo;une voix f\u00e9minine&#8230;En v\u00e9rit\u00e9, c&rsquo;est plut\u00f4t l&rsquo;histoire de deux com\u00e9diens qui aiment raconter des histoires. Dans un univers sonore et visuel immergeant, les spectateurs partent \u00e0 la rencontre [&hellip;]<\/p>\n","protected":false},"author":1,"featured_media":0,"parent":0,"menu_order":0,"comment_status":"closed","ping_status":"closed","template":"","meta":{"om_disable_all_campaigns":false,"_monsterinsights_skip_tracking":false,"_monsterinsights_sitenote_active":false,"_monsterinsights_sitenote_note":"","_monsterinsights_sitenote_category":0,"footnotes":""},"aioseo_notices":[],"_links":{"self":[{"href":"https:\/\/icietpasailleurs.com\/index.php\/wp-json\/wp\/v2\/pages\/650"}],"collection":[{"href":"https:\/\/icietpasailleurs.com\/index.php\/wp-json\/wp\/v2\/pages"}],"about":[{"href":"https:\/\/icietpasailleurs.com\/index.php\/wp-json\/wp\/v2\/types\/page"}],"author":[{"embeddable":true,"href":"https:\/\/icietpasailleurs.com\/index.php\/wp-json\/wp\/v2\/users\/1"}],"replies":[{"embeddable":true,"href":"https:\/\/icietpasailleurs.com\/index.php\/wp-json\/wp\/v2\/comments?post=650"}],"version-history":[{"count":4,"href":"https:\/\/icietpasailleurs.com\/index.php\/wp-json\/wp\/v2\/pages\/650\/revisions"}],"predecessor-version":[{"id":695,"href":"https:\/\/icietpasailleurs.com\/index.php\/wp-json\/wp\/v2\/pages\/650\/revisions\/695"}],"wp:attachment":[{"href":"https:\/\/icietpasailleurs.com\/index.php\/wp-json\/wp\/v2\/media?parent=650"}],"curies":[{"name":"wp","href":"https:\/\/api.w.org\/{rel}","templated":true}]}}