{"id":341,"date":"2022-09-26T15:03:06","date_gmt":"2022-09-26T13:03:06","guid":{"rendered":"https:\/\/icietpasailleurs.com\/?page_id=341"},"modified":"2026-04-13T18:00:58","modified_gmt":"2026-04-13T16:00:58","slug":"ils-sont-la-compagnie","status":"publish","type":"page","link":"https:\/\/icietpasailleurs.com\/index.php\/ils-sont-la-compagnie\/","title":{"rendered":"Ils font ou ont fait la compagnie"},"content":{"rendered":"\n<div class=\"wp-block-columns alignwide has-background-light-background-color has-background is-layout-flex wp-container-core-columns-is-layout-1 wp-block-columns-is-layout-flex\">\n<div class=\"wp-block-column is-layout-flow wp-block-column-is-layout-flow\" style=\"flex-basis:25%\">\n<figure class=\"wp-block-image aligncenter size-medium\"><img loading=\"lazy\" decoding=\"async\" width=\"201\" height=\"300\" src=\"https:\/\/icietpasailleurs.com\/wp-content\/uploads\/2022\/09\/DSC_0054.JPG-201x300.jpg\" alt=\"\" class=\"wp-image-291\" srcset=\"https:\/\/icietpasailleurs.com\/wp-content\/uploads\/2022\/09\/DSC_0054.JPG-201x300.jpg 201w, https:\/\/icietpasailleurs.com\/wp-content\/uploads\/2022\/09\/DSC_0054.JPG-687x1024.jpg 687w, https:\/\/icietpasailleurs.com\/wp-content\/uploads\/2022\/09\/DSC_0054.JPG-768x1144.jpg 768w, https:\/\/icietpasailleurs.com\/wp-content\/uploads\/2022\/09\/DSC_0054.JPG-1031x1536.jpg 1031w, https:\/\/icietpasailleurs.com\/wp-content\/uploads\/2022\/09\/DSC_0054.JPG-1375x2048.jpg 1375w, https:\/\/icietpasailleurs.com\/wp-content\/uploads\/2022\/09\/DSC_0054.JPG-1170x1743.jpg 1170w, https:\/\/icietpasailleurs.com\/wp-content\/uploads\/2022\/09\/DSC_0054.JPG-scaled.jpg 1718w\" sizes=\"(max-width: 201px) 100vw, 201px\" \/><\/figure>\n<\/div>\n\n\n\n<div class=\"wp-block-column is-layout-flow wp-block-column-is-layout-flow\" style=\"flex-basis:75%\">\n<h2 class=\"wp-block-heading\">Aur\u00e9lie Rodriguez<\/h2>\n\n\n\n<p>Co-fondatrice de la compagnie \u00a0\u00bb Ici et Pas Ailleurs \u00ab\u00a0<br>Com\u00e9dienne, auteure, charg\u00e9e de diffusion et gestionnaire administrative de la Cie, Aur\u00e9lie se passionne pour le th\u00e9\u00e2tre depuis plus de vingt ans. <br>De com\u00e9dies en spectacles jeune public, elle monte et remonte sur les planches, au fil des projets et des formations suivies. <br>Lectrice assidue d\u2019albums jeunesse, elle partage aussi son amour de cette litt\u00e9rature aupr\u00e8s des petites et grandes oreilles qui passent \u00e0 sa port\u00e9e&nbsp;!<\/p>\n<\/div>\n<\/div>\n\n\n\n<div class=\"wp-block-columns alignwide has-background-light-background-color has-background is-layout-flex wp-container-core-columns-is-layout-2 wp-block-columns-is-layout-flex\">\n<div class=\"wp-block-column is-layout-flow wp-block-column-is-layout-flow\" style=\"flex-basis:74%\">\n<h2 class=\"wp-block-heading has-text-align-right\">Carlos Pinto<\/h2>\n\n\n\n<p class=\"has-text-align-right\">Co-fondateur de la compagnie \u00a0\u00bb Ici et Pas Ailleurs \u00ab\u00a0<br>Animateur ateliers, intervenant, marionnettiste, com\u00e9dien, metteur en sc\u00e8ne et technicien de la compagnie.<br>Plong\u00e9 dans le th\u00e9\u00e2tre depuis 2011, il n&rsquo;a de cesse de se former aupr\u00e8s de professionnels. Par le biais du th\u00e9\u00e2tre, du clown, du mime et derni\u00e8rement de la marionnette, il \u00e9veille sa curiosit\u00e9 et sa soif d&rsquo;apprendre.  <br>Que ce soit dans le partage, sur sc\u00e8ne ou dans la mise en sc\u00e8ne, le plaisir, la joie et la bonne humeur sont de mises, parsem\u00e9s parfois d&rsquo;un peu de folie contagieuse. <br><\/p>\n<\/div>\n\n\n\n<div class=\"wp-block-column is-layout-flow wp-block-column-is-layout-flow\" style=\"flex-basis:26%\">\n<figure class=\"wp-block-image aligncenter size-medium\"><img loading=\"lazy\" decoding=\"async\" width=\"225\" height=\"300\" src=\"https:\/\/icietpasailleurs.com\/wp-content\/uploads\/2022\/09\/Carlos-225x300.jpeg\" alt=\"\" class=\"wp-image-347\" srcset=\"https:\/\/icietpasailleurs.com\/wp-content\/uploads\/2022\/09\/Carlos-225x300.jpeg 225w, https:\/\/icietpasailleurs.com\/wp-content\/uploads\/2022\/09\/Carlos-769x1024.jpeg 769w, https:\/\/icietpasailleurs.com\/wp-content\/uploads\/2022\/09\/Carlos-768x1022.jpeg 768w, https:\/\/icietpasailleurs.com\/wp-content\/uploads\/2022\/09\/Carlos-1154x1536.jpeg 1154w, https:\/\/icietpasailleurs.com\/wp-content\/uploads\/2022\/09\/Carlos-1539x2048.jpeg 1539w, https:\/\/icietpasailleurs.com\/wp-content\/uploads\/2022\/09\/Carlos-1170x1557.jpeg 1170w, https:\/\/icietpasailleurs.com\/wp-content\/uploads\/2022\/09\/Carlos-scaled.jpeg 1923w\" sizes=\"(max-width: 225px) 100vw, 225px\" \/><\/figure>\n<\/div>\n<\/div>\n\n\n\n<div class=\"wp-block-columns alignwide has-background-light-background-color has-background is-layout-flex wp-container-core-columns-is-layout-3 wp-block-columns-is-layout-flex\">\n<div class=\"wp-block-column is-layout-flow wp-block-column-is-layout-flow\" style=\"flex-basis:25%\">\n<figure class=\"wp-block-image aligncenter size-medium\"><img loading=\"lazy\" decoding=\"async\" width=\"197\" height=\"300\" src=\"https:\/\/icietpasailleurs.com\/wp-content\/uploads\/2022\/09\/Flore_edited-197x300.jpg\" alt=\"\" class=\"wp-image-349\" srcset=\"https:\/\/icietpasailleurs.com\/wp-content\/uploads\/2022\/09\/Flore_edited-197x300.jpg 197w, https:\/\/icietpasailleurs.com\/wp-content\/uploads\/2022\/09\/Flore_edited-674x1024.jpg 674w, https:\/\/icietpasailleurs.com\/wp-content\/uploads\/2022\/09\/Flore_edited.jpg 688w\" sizes=\"(max-width: 197px) 100vw, 197px\" \/><\/figure>\n<\/div>\n\n\n\n<div class=\"wp-block-column is-layout-flow wp-block-column-is-layout-flow\" style=\"flex-basis:75%\">\n<h2 class=\"wp-block-heading\">Flore Egal<\/h2>\n\n\n\n<p>Com\u00e9dienne<\/p>\n<\/div>\n<\/div>\n\n\n\n<div class=\"wp-block-columns alignwide has-background-light-background-color has-background is-layout-flex wp-container-core-columns-is-layout-4 wp-block-columns-is-layout-flex\">\n<div class=\"wp-block-column is-layout-flow wp-block-column-is-layout-flow\" style=\"flex-basis:74%\">\n<h2 class=\"wp-block-heading has-text-align-right\">Benjamin Guillaume<\/h2>\n\n\n\n<p class=\"has-text-align-right\">Com\u00e9dien, auteur et r\u00e9alisateur<\/p>\n\n\n\n<p class=\"has-text-align-right\">N\u00e9 en Nouvelle-Cal\u00e9donie, il a grandi dans un environnement multiculturel qui a profond\u00e9ment fa\u00e7onn\u00e9 son regard et sa sensibilit\u00e9 artistique. <br>Form\u00e9 au th\u00e9\u00e2tre, il travaille pour diff\u00e9rentes cies dont Afikamaya.<br>Il d\u00e9veloppe parall\u00e8lement un travail d\u2019\u00e9criture et de r\u00e9alisation en autodidacte. Il s\u2019int\u00e9resse particuli\u00e8rement aux r\u00e9cits sensibles et aux parcours atypiques, cherchant \u00e0 cr\u00e9er des \u0153uvres o\u00f9 l\u2019humain et l\u2019imaginaire se rencontrent. Son prochain d\u00e9fi: devenir un v\u00e9ritable triton des mers! <\/p>\n\n\n\n<p class=\"has-text-align-right\"><br><\/p>\n<\/div>\n\n\n\n<div class=\"wp-block-column is-layout-flow wp-block-column-is-layout-flow\" style=\"flex-basis:26%\">\n<figure class=\"wp-block-image size-medium is-resized\"><img loading=\"lazy\" decoding=\"async\" width=\"225\" height=\"300\" src=\"https:\/\/icietpasailleurs.com\/wp-content\/uploads\/2026\/04\/Benjamin-GUILLAUME-2026-225x300.jpg\" alt=\"\" class=\"wp-image-855\" style=\"width:248px;height:auto\" srcset=\"https:\/\/icietpasailleurs.com\/wp-content\/uploads\/2026\/04\/Benjamin-GUILLAUME-2026-225x300.jpg 225w, https:\/\/icietpasailleurs.com\/wp-content\/uploads\/2026\/04\/Benjamin-GUILLAUME-2026-768x1024.jpg 768w, https:\/\/icietpasailleurs.com\/wp-content\/uploads\/2026\/04\/Benjamin-GUILLAUME-2026-1152x1536.jpg 1152w, https:\/\/icietpasailleurs.com\/wp-content\/uploads\/2026\/04\/Benjamin-GUILLAUME-2026-1536x2048.jpg 1536w, https:\/\/icietpasailleurs.com\/wp-content\/uploads\/2026\/04\/Benjamin-GUILLAUME-2026-1170x1560.jpg 1170w, https:\/\/icietpasailleurs.com\/wp-content\/uploads\/2026\/04\/Benjamin-GUILLAUME-2026-scaled.jpg 1920w\" sizes=\"(max-width: 225px) 100vw, 225px\" \/><\/figure>\n<\/div>\n<\/div>\n\n\n\n<div class=\"wp-block-columns alignwide has-background-light-background-color has-background is-layout-flex wp-container-core-columns-is-layout-5 wp-block-columns-is-layout-flex\">\n<div class=\"wp-block-column is-layout-flow wp-block-column-is-layout-flow\" style=\"flex-basis:25%\">\n<figure class=\"wp-block-image aligncenter size-full\"><img loading=\"lazy\" decoding=\"async\" width=\"160\" height=\"224\" src=\"https:\/\/icietpasailleurs.com\/wp-content\/uploads\/2022\/09\/Sophie-Plawczyk.jpg\" alt=\"\" class=\"wp-image-369\"\/><\/figure>\n<\/div>\n\n\n\n<div class=\"wp-block-column is-layout-flow wp-block-column-is-layout-flow\" style=\"flex-basis:75%\">\n<h2 class=\"wp-block-heading\">Sophie Plawczyk<\/h2>\n\n\n\n<p>Couturi\u00e8re, costumi\u00e8re, d\u00e9coratrice<\/p>\n<\/div>\n<\/div>\n\n\n\n<hr class=\"wp-block-separator has-alpha-channel-opacity\"\/>\n\n\n\n<h1 class=\"wp-block-heading has-text-align-center\">Nous les accompagnons<\/h1>\n\n\n\n<h2 class=\"wp-block-heading has-text-align-center\">La troupe amateur du Tarn \u00ab\u00a0Les Siphon\u00e9s\u00a0\u00bb <\/h2>\n\n\n\n<div class=\"wp-block-columns are-vertically-aligned-center is-layout-flex wp-container-core-columns-is-layout-6 wp-block-columns-is-layout-flex\">\n<div class=\"wp-block-column is-vertically-aligned-center is-layout-flow wp-block-column-is-layout-flow\" style=\"flex-basis:100%\">\n<div class=\"wp-block-group is-layout-flow wp-block-group-is-layout-flow\">\n<div class=\"wp-block-media-text is-stacked-on-mobile is-vertically-aligned-center\" style=\"grid-template-columns:20% auto\"><figure class=\"wp-block-media-text__media\"><img loading=\"lazy\" decoding=\"async\" width=\"200\" height=\"300\" src=\"https:\/\/icietpasailleurs.com\/wp-content\/uploads\/2022\/09\/IMG_1228.JPG-200x300.jpg\" alt=\"\" class=\"wp-image-374 size-medium\" srcset=\"https:\/\/icietpasailleurs.com\/wp-content\/uploads\/2022\/09\/IMG_1228.JPG-200x300.jpg 200w, https:\/\/icietpasailleurs.com\/wp-content\/uploads\/2022\/09\/IMG_1228.JPG-684x1024.jpg 684w, https:\/\/icietpasailleurs.com\/wp-content\/uploads\/2022\/09\/IMG_1228.JPG-768x1151.jpg 768w, https:\/\/icietpasailleurs.com\/wp-content\/uploads\/2022\/09\/IMG_1228.JPG-1025x1536.jpg 1025w, https:\/\/icietpasailleurs.com\/wp-content\/uploads\/2022\/09\/IMG_1228.JPG.jpg 1068w\" sizes=\"(max-width: 200px) 100vw, 200px\" \/><\/figure><div class=\"wp-block-media-text__content\">\n<p>Arnaud Broussy-Legrand<\/p>\n<\/div><\/div>\n\n\n\n<div class=\"wp-block-media-text is-stacked-on-mobile is-vertically-aligned-center\" style=\"grid-template-columns:20% auto\"><figure class=\"wp-block-media-text__media\"><img loading=\"lazy\" decoding=\"async\" width=\"251\" height=\"300\" src=\"https:\/\/icietpasailleurs.com\/wp-content\/uploads\/2022\/09\/IMG_1229_edited-251x300.jpg\" alt=\"\" class=\"wp-image-376 size-medium\" srcset=\"https:\/\/icietpasailleurs.com\/wp-content\/uploads\/2022\/09\/IMG_1229_edited-251x300.jpg 251w, https:\/\/icietpasailleurs.com\/wp-content\/uploads\/2022\/09\/IMG_1229_edited.jpg 362w\" sizes=\"(max-width: 251px) 100vw, 251px\" \/><\/figure><div class=\"wp-block-media-text__content\">\n<p>Fabienne Delfau<\/p>\n<\/div><\/div>\n\n\n\n<div class=\"wp-block-media-text is-stacked-on-mobile is-vertically-aligned-center\" style=\"grid-template-columns:20% auto\"><figure class=\"wp-block-media-text__media\"><img loading=\"lazy\" decoding=\"async\" width=\"300\" height=\"256\" src=\"https:\/\/icietpasailleurs.com\/wp-content\/uploads\/2022\/09\/IMG_1231_edited-300x256.jpg\" alt=\"\" class=\"wp-image-377 size-medium\" srcset=\"https:\/\/icietpasailleurs.com\/wp-content\/uploads\/2022\/09\/IMG_1231_edited-300x256.jpg 300w, https:\/\/icietpasailleurs.com\/wp-content\/uploads\/2022\/09\/IMG_1231_edited-1024x873.jpg 1024w, https:\/\/icietpasailleurs.com\/wp-content\/uploads\/2022\/09\/IMG_1231_edited-768x655.jpg 768w, https:\/\/icietpasailleurs.com\/wp-content\/uploads\/2022\/09\/IMG_1231_edited-1536x1310.jpg 1536w, https:\/\/icietpasailleurs.com\/wp-content\/uploads\/2022\/09\/IMG_1231_edited-1170x998.jpg 1170w, https:\/\/icietpasailleurs.com\/wp-content\/uploads\/2022\/09\/IMG_1231_edited.jpg 1689w\" sizes=\"(max-width: 300px) 100vw, 300px\" \/><\/figure><div class=\"wp-block-media-text__content\">\n<p>S\u00e9verine Granier<\/p>\n<\/div><\/div>\n\n\n\n<div class=\"wp-block-media-text is-stacked-on-mobile is-vertically-aligned-center\" style=\"grid-template-columns:20% auto\"><figure class=\"wp-block-media-text__media\"><img loading=\"lazy\" decoding=\"async\" width=\"274\" height=\"300\" src=\"https:\/\/icietpasailleurs.com\/wp-content\/uploads\/2022\/09\/IMG_1226_edited-274x300.jpg\" alt=\"\" class=\"wp-image-378 size-medium\" srcset=\"https:\/\/icietpasailleurs.com\/wp-content\/uploads\/2022\/09\/IMG_1226_edited-274x300.jpg 274w, https:\/\/icietpasailleurs.com\/wp-content\/uploads\/2022\/09\/IMG_1226_edited.jpg 623w\" sizes=\"(max-width: 274px) 100vw, 274px\" \/><\/figure><div class=\"wp-block-media-text__content\">\n<p>Chantal Durel<\/p>\n<\/div><\/div>\n\n\n\n<div class=\"wp-block-media-text is-stacked-on-mobile is-vertically-aligned-center\" style=\"grid-template-columns:20% auto\"><figure class=\"wp-block-media-text__media\"><img loading=\"lazy\" decoding=\"async\" width=\"169\" height=\"300\" src=\"https:\/\/icietpasailleurs.com\/wp-content\/uploads\/2022\/09\/Betty-169x300.jpg\" alt=\"\" class=\"wp-image-379 size-medium\" srcset=\"https:\/\/icietpasailleurs.com\/wp-content\/uploads\/2022\/09\/Betty-169x300.jpg 169w, https:\/\/icietpasailleurs.com\/wp-content\/uploads\/2022\/09\/Betty-576x1024.jpg 576w, https:\/\/icietpasailleurs.com\/wp-content\/uploads\/2022\/09\/Betty-768x1365.jpg 768w, https:\/\/icietpasailleurs.com\/wp-content\/uploads\/2022\/09\/Betty-864x1536.jpg 864w, https:\/\/icietpasailleurs.com\/wp-content\/uploads\/2022\/09\/Betty-1152x2048.jpg 1152w, https:\/\/icietpasailleurs.com\/wp-content\/uploads\/2022\/09\/Betty-1170x2080.jpg 1170w, https:\/\/icietpasailleurs.com\/wp-content\/uploads\/2022\/09\/Betty-scaled.jpg 1440w\" sizes=\"(max-width: 169px) 100vw, 169px\" \/><\/figure><div class=\"wp-block-media-text__content\">\n<p>Betty Durand<\/p>\n<\/div><\/div>\n\n\n\n<div class=\"wp-block-media-text is-stacked-on-mobile is-vertically-aligned-center\" style=\"grid-template-columns:20% auto\"><figure class=\"wp-block-media-text__media\"><img loading=\"lazy\" decoding=\"async\" width=\"241\" height=\"300\" src=\"https:\/\/icietpasailleurs.com\/wp-content\/uploads\/2022\/09\/IMG_1230_edited-241x300.jpg\" alt=\"\" class=\"wp-image-380 size-medium\" srcset=\"https:\/\/icietpasailleurs.com\/wp-content\/uploads\/2022\/09\/IMG_1230_edited-241x300.jpg 241w, https:\/\/icietpasailleurs.com\/wp-content\/uploads\/2022\/09\/IMG_1230_edited.jpg 531w\" sizes=\"(max-width: 241px) 100vw, 241px\" \/><\/figure><div class=\"wp-block-media-text__content\">\n<p>Benjamin Co\u00ebl<\/p>\n<\/div><\/div>\n<\/div>\n<\/div>\n<\/div>\n","protected":false},"excerpt":{"rendered":"<p>Aur\u00e9lie Rodriguez Co-fondatrice de la compagnie \u00a0\u00bb Ici et Pas Ailleurs \u00ab\u00a0Com\u00e9dienne, auteure, charg\u00e9e de diffusion et gestionnaire administrative de la Cie, Aur\u00e9lie se passionne pour le th\u00e9\u00e2tre depuis plus de vingt ans. De com\u00e9dies en spectacles jeune public, elle monte et remonte sur les planches, au fil des projets et des formations suivies. Lectrice [&hellip;]<\/p>\n","protected":false},"author":1,"featured_media":0,"parent":0,"menu_order":0,"comment_status":"closed","ping_status":"closed","template":"","meta":{"om_disable_all_campaigns":false,"_monsterinsights_skip_tracking":false,"_monsterinsights_sitenote_active":false,"_monsterinsights_sitenote_note":"","_monsterinsights_sitenote_category":0,"footnotes":""},"aioseo_notices":[],"_links":{"self":[{"href":"https:\/\/icietpasailleurs.com\/index.php\/wp-json\/wp\/v2\/pages\/341"}],"collection":[{"href":"https:\/\/icietpasailleurs.com\/index.php\/wp-json\/wp\/v2\/pages"}],"about":[{"href":"https:\/\/icietpasailleurs.com\/index.php\/wp-json\/wp\/v2\/types\/page"}],"author":[{"embeddable":true,"href":"https:\/\/icietpasailleurs.com\/index.php\/wp-json\/wp\/v2\/users\/1"}],"replies":[{"embeddable":true,"href":"https:\/\/icietpasailleurs.com\/index.php\/wp-json\/wp\/v2\/comments?post=341"}],"version-history":[{"count":24,"href":"https:\/\/icietpasailleurs.com\/index.php\/wp-json\/wp\/v2\/pages\/341\/revisions"}],"predecessor-version":[{"id":861,"href":"https:\/\/icietpasailleurs.com\/index.php\/wp-json\/wp\/v2\/pages\/341\/revisions\/861"}],"wp:attachment":[{"href":"https:\/\/icietpasailleurs.com\/index.php\/wp-json\/wp\/v2\/media?parent=341"}],"curies":[{"name":"wp","href":"https:\/\/api.w.org\/{rel}","templated":true}]}}