{"id":211,"date":"2022-09-07T11:59:43","date_gmt":"2022-09-07T09:59:43","guid":{"rendered":"https:\/\/icietpasailleurs.com\/?page_id=211"},"modified":"2024-09-09T16:07:23","modified_gmt":"2024-09-09T14:07:23","slug":"ou-est-passee-la-hotte-du-pere-noel","status":"publish","type":"page","link":"https:\/\/icietpasailleurs.com\/index.php\/ou-est-passee-la-hotte-du-pere-noel\/","title":{"rendered":"O\u00f9 est pass\u00e9e la hotte du P\u00e8re No\u00ebl ?"},"content":{"rendered":"\n<div class=\"wp-block-media-text alignwide is-stacked-on-mobile\" style=\"grid-template-columns:30% auto\"><figure class=\"wp-block-media-text__media\"><img loading=\"lazy\" decoding=\"async\" width=\"760\" height=\"1024\" src=\"https:\/\/icietpasailleurs.com\/wp-content\/uploads\/2023\/12\/Affiche-La-hotte-1-760x1024.png\" alt=\"\" class=\"wp-image-516 size-large\" srcset=\"https:\/\/icietpasailleurs.com\/wp-content\/uploads\/2023\/12\/Affiche-La-hotte-1-760x1024.png 760w, https:\/\/icietpasailleurs.com\/wp-content\/uploads\/2023\/12\/Affiche-La-hotte-1-223x300.png 223w, https:\/\/icietpasailleurs.com\/wp-content\/uploads\/2023\/12\/Affiche-La-hotte-1-768x1035.png 768w, https:\/\/icietpasailleurs.com\/wp-content\/uploads\/2023\/12\/Affiche-La-hotte-1-1140x1536.png 1140w, https:\/\/icietpasailleurs.com\/wp-content\/uploads\/2023\/12\/Affiche-La-hotte-1-1170x1577.png 1170w, https:\/\/icietpasailleurs.com\/wp-content\/uploads\/2023\/12\/Affiche-La-hotte-1.png 1187w\" sizes=\"(max-width: 760px) 100vw, 760px\" \/><\/figure><div class=\"wp-block-media-text__content\">\n<p><strong>Th\u00e9\u00e2tre musical \u00e0 partir de 3ans<\/strong>.<br><strong>Dur\u00e9e: 45mn<\/strong><br><br>La\u00a0 confection des cadeaux va bon train dans l&rsquo;atelier du P\u00e8re No\u00ebl. <br><br>Soudain la lumi\u00e8re s&rsquo;\u00e9teint\u2026lorsqu&rsquo;elle revient, la hotte du P\u00e8re No\u00ebl a disparu. Catastrophe ! Monsieur Plumk le responsable en chef de l&rsquo;atelier du P\u00e8re No\u00ebl veut absolument la retrouver. Les enfants doivent avoir leurs cadeaux !<br><br>Pouss\u00e9 par son second, il part, malgr\u00e9 lui, au fin fond de la for\u00eat. <br>Il va \u00e0 la rencontre de F\u00e9licie afin de lui demander de l&rsquo;aide pour retrouver la hotte.<br><br>On ne sait si elle est sorci\u00e8re ou magicienne, ses potions ne sont pas une r\u00e9ussite. Une chose est s\u00fbre, elle a de la suite dans les id\u00e9es. <br><br>La rencontre\u00a0 sera rocambolesque et \u00e9lectrisante surtout pour Monsieur Plumk.<br>Qui a fait \u00e7a ? Et pourquoi ? F\u00e9licie va-elle l&rsquo;aider ? Monsieur Plumk ram\u00e8nera t-il la hotte ? Les enfants auront ils leurs cadeaux ? \u2026<\/p>\n\n\n\n<p>Pour visualiser la bande-annonce, ouvrez le lien ci-apr\u00e8s: <a href=\"https:\/\/vimeo.com\/787998536\" title=\"\">https:\/\/vimeo.com\/787998536<\/a><\/p>\n<\/div><\/div>\n\n\n\n<div class=\"wp-block-file aligncenter has-background\" style=\"background:linear-gradient(135deg,rgb(2,3,129) 24%,rgb(40,116,252) 85%);padding-top:var(--wp--preset--spacing--20);padding-right:var(--wp--preset--spacing--80);padding-bottom:var(--wp--preset--spacing--20);padding-left:var(--wp--preset--spacing--80)\"><a id=\"wp-block-file--media-8adc0e05-de50-4eb7-89b5-da3a535a75eb\" href=\"https:\/\/icietpasailleurs.com\/wp-content\/uploads\/2022\/09\/Dos-La-hotte.pdf\" target=\"_blank\" rel=\"noreferrer noopener\"><mark style=\"background-color:rgba(0, 0, 0, 0)\" class=\"has-inline-color has-background-color\">Dossier artistique<\/mark><\/a><a href=\"https:\/\/icietpasailleurs.com\/wp-content\/uploads\/2022\/09\/Dos-La-hotte.pdf\" class=\"wp-block-file__button wp-element-button\" download aria-describedby=\"wp-block-file--media-8adc0e05-de50-4eb7-89b5-da3a535a75eb\">Cliquez ici<\/a><\/div>\n\n\n\n<figure class=\"wp-block-gallery alignwide has-nested-images columns-default is-cropped wp-block-gallery-1 is-layout-flex wp-block-gallery-is-layout-flex\">\n<figure class=\"wp-block-image size-medium\"><img loading=\"lazy\" decoding=\"async\" width=\"300\" height=\"207\" data-id=\"237\" src=\"https:\/\/icietpasailleurs.com\/wp-content\/uploads\/2022\/09\/bisou-1-300x207.png\" alt=\"\" class=\"wp-image-237\" srcset=\"https:\/\/icietpasailleurs.com\/wp-content\/uploads\/2022\/09\/bisou-1-300x207.png 300w, https:\/\/icietpasailleurs.com\/wp-content\/uploads\/2022\/09\/bisou-1-1024x706.png 1024w, https:\/\/icietpasailleurs.com\/wp-content\/uploads\/2022\/09\/bisou-1-768x529.png 768w, https:\/\/icietpasailleurs.com\/wp-content\/uploads\/2022\/09\/bisou-1-1536x1058.png 1536w, https:\/\/icietpasailleurs.com\/wp-content\/uploads\/2022\/09\/bisou-1-2048x1411.png 2048w, https:\/\/icietpasailleurs.com\/wp-content\/uploads\/2022\/09\/bisou-1-1170x806.png 1170w\" sizes=\"(max-width: 300px) 100vw, 300px\" \/><\/figure>\n\n\n\n<figure class=\"wp-block-image size-medium\"><img loading=\"lazy\" decoding=\"async\" width=\"300\" height=\"194\" data-id=\"234\" src=\"https:\/\/icietpasailleurs.com\/wp-content\/uploads\/2022\/09\/e\u0301lectrocution-300x194.png\" alt=\"\" class=\"wp-image-234\" srcset=\"https:\/\/icietpasailleurs.com\/wp-content\/uploads\/2022\/09\/e\u0301lectrocution-300x194.png 300w, https:\/\/icietpasailleurs.com\/wp-content\/uploads\/2022\/09\/e\u0301lectrocution-1024x663.png 1024w, https:\/\/icietpasailleurs.com\/wp-content\/uploads\/2022\/09\/e\u0301lectrocution-768x497.png 768w, https:\/\/icietpasailleurs.com\/wp-content\/uploads\/2022\/09\/e\u0301lectrocution-1536x995.png 1536w, https:\/\/icietpasailleurs.com\/wp-content\/uploads\/2022\/09\/e\u0301lectrocution-2048x1326.png 2048w, https:\/\/icietpasailleurs.com\/wp-content\/uploads\/2022\/09\/e\u0301lectrocution-1170x758.png 1170w\" sizes=\"(max-width: 300px) 100vw, 300px\" \/><\/figure>\n\n\n\n<figure class=\"wp-block-image size-medium\"><img loading=\"lazy\" decoding=\"async\" width=\"300\" height=\"212\" data-id=\"235\" src=\"https:\/\/icietpasailleurs.com\/wp-content\/uploads\/2022\/09\/marmitte-2-300x212.png\" alt=\"\" class=\"wp-image-235\" srcset=\"https:\/\/icietpasailleurs.com\/wp-content\/uploads\/2022\/09\/marmitte-2-300x212.png 300w, https:\/\/icietpasailleurs.com\/wp-content\/uploads\/2022\/09\/marmitte-2-1024x724.png 1024w, https:\/\/icietpasailleurs.com\/wp-content\/uploads\/2022\/09\/marmitte-2-768x543.png 768w, https:\/\/icietpasailleurs.com\/wp-content\/uploads\/2022\/09\/marmitte-2-1536x1086.png 1536w, https:\/\/icietpasailleurs.com\/wp-content\/uploads\/2022\/09\/marmitte-2-2048x1448.png 2048w, https:\/\/icietpasailleurs.com\/wp-content\/uploads\/2022\/09\/marmitte-2-1170x827.png 1170w\" sizes=\"(max-width: 300px) 100vw, 300px\" \/><\/figure>\n\n\n\n<figure class=\"wp-block-image size-medium\"><img loading=\"lazy\" decoding=\"async\" width=\"231\" height=\"300\" data-id=\"229\" src=\"https:\/\/icietpasailleurs.com\/wp-content\/uploads\/2022\/09\/crotte-de-nez-231x300.png\" alt=\"\" class=\"wp-image-229\" srcset=\"https:\/\/icietpasailleurs.com\/wp-content\/uploads\/2022\/09\/crotte-de-nez-231x300.png 231w, https:\/\/icietpasailleurs.com\/wp-content\/uploads\/2022\/09\/crotte-de-nez-790x1024.png 790w, https:\/\/icietpasailleurs.com\/wp-content\/uploads\/2022\/09\/crotte-de-nez-768x995.png 768w, https:\/\/icietpasailleurs.com\/wp-content\/uploads\/2022\/09\/crotte-de-nez-1185x1536.png 1185w, https:\/\/icietpasailleurs.com\/wp-content\/uploads\/2022\/09\/crotte-de-nez-1170x1516.png 1170w, https:\/\/icietpasailleurs.com\/wp-content\/uploads\/2022\/09\/crotte-de-nez.png 1523w\" sizes=\"(max-width: 231px) 100vw, 231px\" \/><\/figure>\n\n\n\n<figure class=\"wp-block-image size-medium\"><img loading=\"lazy\" decoding=\"async\" width=\"179\" height=\"300\" data-id=\"228\" src=\"https:\/\/icietpasailleurs.com\/wp-content\/uploads\/2022\/09\/Soupe-179x300.png\" alt=\"\" class=\"wp-image-228\" srcset=\"https:\/\/icietpasailleurs.com\/wp-content\/uploads\/2022\/09\/Soupe-179x300.png 179w, https:\/\/icietpasailleurs.com\/wp-content\/uploads\/2022\/09\/Soupe-612x1024.png 612w, https:\/\/icietpasailleurs.com\/wp-content\/uploads\/2022\/09\/Soupe-768x1286.png 768w, https:\/\/icietpasailleurs.com\/wp-content\/uploads\/2022\/09\/Soupe-918x1536.png 918w, https:\/\/icietpasailleurs.com\/wp-content\/uploads\/2022\/09\/Soupe.png 1080w\" sizes=\"(max-width: 179px) 100vw, 179px\" \/><\/figure>\n\n\n\n<figure class=\"wp-block-image size-large\"><img loading=\"lazy\" decoding=\"async\" width=\"744\" height=\"969\" data-id=\"225\" src=\"https:\/\/icietpasailleurs.com\/wp-content\/uploads\/2022\/09\/Snp.png\" alt=\"\" class=\"wp-image-225\" srcset=\"https:\/\/icietpasailleurs.com\/wp-content\/uploads\/2022\/09\/Snp.png 744w, https:\/\/icietpasailleurs.com\/wp-content\/uploads\/2022\/09\/Snp-230x300.png 230w\" sizes=\"(max-width: 744px) 100vw, 744px\" \/><\/figure>\n\n\n\n<figure class=\"wp-block-image size-large\"><img loading=\"lazy\" decoding=\"async\" width=\"1024\" height=\"576\" data-id=\"240\" src=\"https:\/\/icietpasailleurs.com\/wp-content\/uploads\/2022\/09\/Bocaux-1024x576.png\" alt=\"\" class=\"wp-image-240\" srcset=\"https:\/\/icietpasailleurs.com\/wp-content\/uploads\/2022\/09\/Bocaux-1024x576.png 1024w, https:\/\/icietpasailleurs.com\/wp-content\/uploads\/2022\/09\/Bocaux-300x169.png 300w, https:\/\/icietpasailleurs.com\/wp-content\/uploads\/2022\/09\/Bocaux-768x432.png 768w, https:\/\/icietpasailleurs.com\/wp-content\/uploads\/2022\/09\/Bocaux-1536x864.png 1536w, https:\/\/icietpasailleurs.com\/wp-content\/uploads\/2022\/09\/Bocaux-2048x1152.png 2048w, https:\/\/icietpasailleurs.com\/wp-content\/uploads\/2022\/09\/Bocaux-1170x658.png 1170w\" sizes=\"(max-width: 1024px) 100vw, 1024px\" \/><\/figure>\n\n\n\n<figure class=\"wp-block-image size-large\"><img loading=\"lazy\" decoding=\"async\" width=\"663\" height=\"1024\" data-id=\"226\" src=\"https:\/\/icietpasailleurs.com\/wp-content\/uploads\/2022\/09\/Fe\u0301licie-pied-663x1024.png\" alt=\"\" class=\"wp-image-226\" srcset=\"https:\/\/icietpasailleurs.com\/wp-content\/uploads\/2022\/09\/Fe\u0301licie-pied-663x1024.png 663w, https:\/\/icietpasailleurs.com\/wp-content\/uploads\/2022\/09\/Fe\u0301licie-pied-194x300.png 194w, https:\/\/icietpasailleurs.com\/wp-content\/uploads\/2022\/09\/Fe\u0301licie-pied-768x1187.png 768w, https:\/\/icietpasailleurs.com\/wp-content\/uploads\/2022\/09\/Fe\u0301licie-pied-994x1536.png 994w, https:\/\/icietpasailleurs.com\/wp-content\/uploads\/2022\/09\/Fe\u0301licie-pied.png 1046w\" sizes=\"(max-width: 663px) 100vw, 663px\" \/><\/figure>\n\n\n\n<figure class=\"wp-block-image size-large\"><img loading=\"lazy\" decoding=\"async\" width=\"1024\" height=\"576\" data-id=\"248\" src=\"https:\/\/icietpasailleurs.com\/wp-content\/uploads\/2022\/09\/Snap-et-Plumk-la-bas-1024x576.jpg\" alt=\"\" class=\"wp-image-248\" srcset=\"https:\/\/icietpasailleurs.com\/wp-content\/uploads\/2022\/09\/Snap-et-Plumk-la-bas-1024x576.jpg 1024w, https:\/\/icietpasailleurs.com\/wp-content\/uploads\/2022\/09\/Snap-et-Plumk-la-bas-300x169.jpg 300w, https:\/\/icietpasailleurs.com\/wp-content\/uploads\/2022\/09\/Snap-et-Plumk-la-bas-768x432.jpg 768w, https:\/\/icietpasailleurs.com\/wp-content\/uploads\/2022\/09\/Snap-et-Plumk-la-bas-1536x864.jpg 1536w, https:\/\/icietpasailleurs.com\/wp-content\/uploads\/2022\/09\/Snap-et-Plumk-la-bas-2048x1152.jpg 2048w, https:\/\/icietpasailleurs.com\/wp-content\/uploads\/2022\/09\/Snap-et-Plumk-la-bas-1170x658.jpg 1170w\" sizes=\"(max-width: 1024px) 100vw, 1024px\" \/><\/figure>\n<\/figure>\n","protected":false},"excerpt":{"rendered":"<p>Th\u00e9\u00e2tre musical \u00e0 partir de 3ans.Dur\u00e9e: 45mn La\u00a0 confection des cadeaux va bon train dans l&rsquo;atelier du P\u00e8re No\u00ebl. Soudain la lumi\u00e8re s&rsquo;\u00e9teint\u2026lorsqu&rsquo;elle revient, la hotte du P\u00e8re No\u00ebl a disparu. Catastrophe ! Monsieur Plumk le responsable en chef de l&rsquo;atelier du P\u00e8re No\u00ebl veut absolument la retrouver. Les enfants doivent avoir leurs cadeaux ! [&hellip;]<\/p>\n","protected":false},"author":1,"featured_media":0,"parent":0,"menu_order":0,"comment_status":"closed","ping_status":"closed","template":"","meta":{"om_disable_all_campaigns":false,"_monsterinsights_skip_tracking":false,"_monsterinsights_sitenote_active":false,"_monsterinsights_sitenote_note":"","_monsterinsights_sitenote_category":0,"footnotes":""},"aioseo_notices":[],"_links":{"self":[{"href":"https:\/\/icietpasailleurs.com\/index.php\/wp-json\/wp\/v2\/pages\/211"}],"collection":[{"href":"https:\/\/icietpasailleurs.com\/index.php\/wp-json\/wp\/v2\/pages"}],"about":[{"href":"https:\/\/icietpasailleurs.com\/index.php\/wp-json\/wp\/v2\/types\/page"}],"author":[{"embeddable":true,"href":"https:\/\/icietpasailleurs.com\/index.php\/wp-json\/wp\/v2\/users\/1"}],"replies":[{"embeddable":true,"href":"https:\/\/icietpasailleurs.com\/index.php\/wp-json\/wp\/v2\/comments?post=211"}],"version-history":[{"count":27,"href":"https:\/\/icietpasailleurs.com\/index.php\/wp-json\/wp\/v2\/pages\/211\/revisions"}],"predecessor-version":[{"id":691,"href":"https:\/\/icietpasailleurs.com\/index.php\/wp-json\/wp\/v2\/pages\/211\/revisions\/691"}],"wp:attachment":[{"href":"https:\/\/icietpasailleurs.com\/index.php\/wp-json\/wp\/v2\/media?parent=211"}],"curies":[{"name":"wp","href":"https:\/\/api.w.org\/{rel}","templated":true}]}}