{"id":151,"date":"2022-09-06T12:34:48","date_gmt":"2022-09-06T10:34:48","guid":{"rendered":"https:\/\/icietpasailleurs.com\/?page_id=151"},"modified":"2022-09-26T14:26:39","modified_gmt":"2022-09-26T12:26:39","slug":"ateliers-theatre","status":"publish","type":"page","link":"https:\/\/icietpasailleurs.com\/index.php\/ateliers-theatre\/","title":{"rendered":"Ateliers th\u00e9\u00e2tre"},"content":{"rendered":"\n<div class=\"wp-block-columns is-layout-flex wp-container-core-columns-is-layout-1 wp-block-columns-is-layout-flex\">\n<div class=\"wp-block-column is-layout-constrained wp-block-column-is-layout-constrained\">\n<div class=\"wp-block-group alignwide is-style-default is-layout-flow wp-block-group-is-layout-flow\">\n<div class=\"wp-block-media-text alignwide has-media-on-the-right is-stacked-on-mobile is-image-fill\" style=\"grid-template-columns:auto 45%\"><figure class=\"wp-block-media-text__media\" style=\"background-image:url(https:\/\/icietpasailleurs.com\/wp-content\/uploads\/2022\/09\/IMG_6830271069C8-1_edited_edited.jpg);background-position:43% 52%\"><img loading=\"lazy\" decoding=\"async\" width=\"425\" height=\"643\" src=\"https:\/\/icietpasailleurs.com\/wp-content\/uploads\/2022\/09\/IMG_6830271069C8-1_edited_edited.jpg\" alt=\"\" class=\"wp-image-154 size-full\" srcset=\"https:\/\/icietpasailleurs.com\/wp-content\/uploads\/2022\/09\/IMG_6830271069C8-1_edited_edited.jpg 425w, https:\/\/icietpasailleurs.com\/wp-content\/uploads\/2022\/09\/IMG_6830271069C8-1_edited_edited-198x300.jpg 198w\" sizes=\"(max-width: 425px) 100vw, 425px\" \/><\/figure><div class=\"wp-block-media-text__content\">\n<p class=\"has-base-font-size\">Vous \u00eates novices, confirm\u00e9(e)s, une \u00e9cole ou une association, vous voulez participer \u00e0 des ateliers th\u00e9\u00e2tre et\/ou approfondir des techniques th\u00e9\u00e2trales, rejoignez nous\u2026<\/p>\n\n\n\n<p class=\"has-text-align-center has-base-font-size\">Des plus petits aux plus grands, venez d\u00e9couvrir le th\u00e9\u00e2tre par le biais du spectacle ou des ateliers d&rsquo;activit\u00e9s th\u00e9\u00e2trales. <br>Vous voulez \u00e9merveiller vos yeux, laisser libre cours \u00e0 votre imaginaire, prendre confiance en vous, partager des moments ludiques, ou, tout simplement faire du th\u00e9\u00e2tre\u2026 <br>Alors, venez vous extraire de votre <br>\u00ab\u00a0Ici\u00a0\u00bb <br>Nous vous accompagnerons dans un <\/p>\n\n\n\n<div class=\"wp-block-buttons is-content-justification-center is-layout-flex wp-container-core-buttons-is-layout-1 wp-block-buttons-is-layout-flex\">\n<div class=\"wp-block-button is-style-ona-button-arrow-icon\"><a class=\"wp-block-button__link has-background\" href=\"https:\/\/icietpasailleurs.com\/index.php\/contacts\/\" style=\"border-radius:41px;background-color:#f71313\">Ailleurs<\/a><\/div>\n<\/div>\n<\/div><\/div>\n<\/div>\n<\/div>\n<\/div>\n","protected":false},"excerpt":{"rendered":"<p>Vous \u00eates novices, confirm\u00e9(e)s, une \u00e9cole ou une association, vous voulez participer \u00e0 des ateliers th\u00e9\u00e2tre et\/ou approfondir des techniques th\u00e9\u00e2trales, rejoignez nous\u2026 Des plus petits aux plus grands, venez d\u00e9couvrir le th\u00e9\u00e2tre par le biais du spectacle ou des ateliers d&rsquo;activit\u00e9s th\u00e9\u00e2trales. Vous voulez \u00e9merveiller vos yeux, laisser libre cours \u00e0 votre imaginaire, prendre [&hellip;]<\/p>\n","protected":false},"author":1,"featured_media":0,"parent":0,"menu_order":0,"comment_status":"closed","ping_status":"closed","template":"","meta":{"om_disable_all_campaigns":false,"_monsterinsights_skip_tracking":false,"_monsterinsights_sitenote_active":false,"_monsterinsights_sitenote_note":"","_monsterinsights_sitenote_category":0,"footnotes":""},"aioseo_notices":[],"_links":{"self":[{"href":"https:\/\/icietpasailleurs.com\/index.php\/wp-json\/wp\/v2\/pages\/151"}],"collection":[{"href":"https:\/\/icietpasailleurs.com\/index.php\/wp-json\/wp\/v2\/pages"}],"about":[{"href":"https:\/\/icietpasailleurs.com\/index.php\/wp-json\/wp\/v2\/types\/page"}],"author":[{"embeddable":true,"href":"https:\/\/icietpasailleurs.com\/index.php\/wp-json\/wp\/v2\/users\/1"}],"replies":[{"embeddable":true,"href":"https:\/\/icietpasailleurs.com\/index.php\/wp-json\/wp\/v2\/comments?post=151"}],"version-history":[{"count":21,"href":"https:\/\/icietpasailleurs.com\/index.php\/wp-json\/wp\/v2\/pages\/151\/revisions"}],"predecessor-version":[{"id":368,"href":"https:\/\/icietpasailleurs.com\/index.php\/wp-json\/wp\/v2\/pages\/151\/revisions\/368"}],"wp:attachment":[{"href":"https:\/\/icietpasailleurs.com\/index.php\/wp-json\/wp\/v2\/media?parent=151"}],"curies":[{"name":"wp","href":"https:\/\/api.w.org\/{rel}","templated":true}]}}